{"id":3397,"date":"2022-03-02T15:27:58","date_gmt":"2022-03-02T14:27:58","guid":{"rendered":"http:\/\/projet-cecc.org\/?page_id=3397"},"modified":"2025-10-02T11:25:41","modified_gmt":"2025-10-02T09:25:41","slug":"debiaisage-de-cmip-5-6","status":"publish","type":"page","link":"https:\/\/www.projet-cecc.org\/?page_id=3397","title":{"rendered":"D\u00e9biaisage de CMIP 5\/6"},"content":{"rendered":"\t\t<div data-elementor-type=\"wp-page\" data-elementor-id=\"3397\" class=\"elementor elementor-3397\" data-elementor-post-type=\"page\">\n\t\t\t\t\t\t<section class=\"elementor-section elementor-top-section elementor-element elementor-element-02831e9 elementor-section-boxed elementor-section-height-default elementor-section-height-default\" data-id=\"02831e9\" data-element_type=\"section\">\n\t\t\t\t\t\t<div class=\"elementor-container elementor-column-gap-default\">\n\t\t\t\t\t<div class=\"elementor-column elementor-col-100 elementor-top-column elementor-element elementor-element-bce4bde\" data-id=\"bce4bde\" data-element_type=\"column\">\n\t\t\t<div class=\"elementor-widget-wrap elementor-element-populated\">\n\t\t\t\t\t\t<div class=\"elementor-element elementor-element-012b720 elementor-widget elementor-widget-heading\" data-id=\"012b720\" data-element_type=\"widget\" data-widget_type=\"heading.default\">\n\t\t\t\t<div class=\"elementor-widget-container\">\n\t\t\t\t\t<h2 class=\"elementor-heading-title elementor-size-default\">D\u00e9sagr\u00e9gation et d\u00e9biaisage des sc\u00e9narios climatiques CMIP sur l\u2019Afrique de l\u2019Ouest et sur les Andes (pr\u00e9cipitations, temp\u00e9ratures).<\/h2>\t\t\t\t<\/div>\n\t\t\t\t<\/div>\n\t\t\t\t<div class=\"elementor-element elementor-element-27ac37b elementor-widget elementor-widget-text-editor\" data-id=\"27ac37b\" data-element_type=\"widget\" data-widget_type=\"text-editor.default\">\n\t\t\t\t<div class=\"elementor-widget-container\">\n\t\t\t\t\t\t\t\t\t<p>\u00a0<\/p><p>Objectif : mettre \u00e0 disposition des autres \u00e9quipes de chercheurs du projet, mais aussi de divers utilisateurs finaux, des <strong><span style=\"color: #ff6600;\">simulations climatiques d\u00e9biais\u00e9es et d\u00e9sagr\u00e9g\u00e9es<\/span><\/strong>.<\/p><p>Pour cela, l\u2019\u00e9quipe impliqu\u00e9e sur l\u2019action travaille sur l\u2019identification et l\u2019archivage des simulations et donn\u00e9es disponibles, sur le traitement de ces donn\u00e9es (correction de biais, analyse de l\u2019incertitude, de la sensibilit\u00e9) et travaille d\u2019autre part sur le calcul d\u2019indicateurs (extr\u00eames, agriculture, etc.).<\/p><p>Enfin, pour que les donn\u00e9es et simulations produites soient effectivement utiles, les chercheurs travaillent aussi sur l\u2019identification pr\u00e9cise des besoins pour le projet (r\u00e9solution, variables, etc.). Au fur et \u00e0 mesure de sa construction, les produits de cette action seront mis \u00e0 disposition sur le portail informatique d\u00e9velopp\u00e9 dans le cadre du projet.<\/p><p><strong>Coordination\u00a0:<\/strong> Benjamin SULTAN (climatologue, Espace-Dev) et Yves TRAMBLAY (hydrologue, HSM)<\/p>\t\t\t\t\t\t\t\t<\/div>\n\t\t\t\t<\/div>\n\t\t\t\t\t<\/div>\n\t\t<\/div>\n\t\t\t\t\t<\/div>\n\t\t<\/section>\n\t\t\t\t<section class=\"elementor-section elementor-top-section elementor-element elementor-element-c03672c elementor-section-boxed elementor-section-height-default elementor-section-height-default\" data-id=\"c03672c\" data-element_type=\"section\">\n\t\t\t\t\t\t<div class=\"elementor-container elementor-column-gap-default\">\n\t\t\t\t\t<div class=\"elementor-column elementor-col-100 elementor-top-column elementor-element elementor-element-b0af04d\" data-id=\"b0af04d\" data-element_type=\"column\">\n\t\t\t<div class=\"elementor-widget-wrap elementor-element-populated\">\n\t\t\t\t\t\t<div class=\"elementor-element elementor-element-a4859da elementor-widget elementor-widget-image\" data-id=\"a4859da\" data-element_type=\"widget\" data-widget_type=\"image.default\">\n\t\t\t\t<div class=\"elementor-widget-container\">\n\t\t\t\t\t\t\t\t\t\t\t\t\t\t\t<img fetchpriority=\"high\" decoding=\"async\" width=\"696\" height=\"464\" src=\"https:\/\/www.projet-cecc.org\/wp-content\/uploads\/IRD_049717_ORI-1024x683.jpg\" class=\"attachment-large size-large wp-image-4070\" alt=\"\" srcset=\"https:\/\/www.projet-cecc.org\/wp-content\/uploads\/IRD_049717_ORI-1024x683.jpg 1024w, https:\/\/www.projet-cecc.org\/wp-content\/uploads\/IRD_049717_ORI-300x200.jpg 300w, https:\/\/www.projet-cecc.org\/wp-content\/uploads\/IRD_049717_ORI-768x512.jpg 768w, https:\/\/www.projet-cecc.org\/wp-content\/uploads\/IRD_049717_ORI-1536x1024.jpg 1536w, https:\/\/www.projet-cecc.org\/wp-content\/uploads\/IRD_049717_ORI-2048x1365.jpg 2048w, https:\/\/www.projet-cecc.org\/wp-content\/uploads\/IRD_049717_ORI-24x16.jpg 24w, https:\/\/www.projet-cecc.org\/wp-content\/uploads\/IRD_049717_ORI-36x24.jpg 36w, https:\/\/www.projet-cecc.org\/wp-content\/uploads\/IRD_049717_ORI-48x32.jpg 48w\" sizes=\"(max-width: 696px) 100vw, 696px\" \/>\t\t\t\t\t\t\t\t\t\t\t\t\t\t\t<\/div>\n\t\t\t\t<\/div>\n\t\t\t\t\t<\/div>\n\t\t<\/div>\n\t\t\t\t\t<\/div>\n\t\t<\/section>\n\t\t\t\t<section class=\"elementor-section elementor-top-section elementor-element elementor-element-5d8505d elementor-section-boxed elementor-section-height-default elementor-section-height-default\" data-id=\"5d8505d\" data-element_type=\"section\">\n\t\t\t\t\t\t<div class=\"elementor-container elementor-column-gap-default\">\n\t\t\t\t\t<div class=\"elementor-column elementor-col-100 elementor-top-column elementor-element elementor-element-4c9dbc2\" data-id=\"4c9dbc2\" data-element_type=\"column\">\n\t\t\t<div class=\"elementor-widget-wrap elementor-element-populated\">\n\t\t\t\t\t\t<div class=\"elementor-element elementor-element-d7df5f8 elementor-widget elementor-widget-spacer\" data-id=\"d7df5f8\" data-element_type=\"widget\" data-widget_type=\"spacer.default\">\n\t\t\t\t<div class=\"elementor-widget-container\">\n\t\t\t\t\t\t\t<div class=\"elementor-spacer\">\n\t\t\t<div class=\"elementor-spacer-inner\"><\/div>\n\t\t<\/div>\n\t\t\t\t\t\t<\/div>\n\t\t\t\t<\/div>\n\t\t\t\t<div class=\"elementor-element elementor-element-2d4e7d6 elementor-widget elementor-widget-spacer\" data-id=\"2d4e7d6\" data-element_type=\"widget\" data-widget_type=\"spacer.default\">\n\t\t\t\t<div class=\"elementor-widget-container\">\n\t\t\t\t\t\t\t<div class=\"elementor-spacer\">\n\t\t\t<div class=\"elementor-spacer-inner\"><\/div>\n\t\t<\/div>\n\t\t\t\t\t\t<\/div>\n\t\t\t\t<\/div>\n\t\t\t\t<div class=\"elementor-element elementor-element-68d4052 elementor-widget elementor-widget-heading\" data-id=\"68d4052\" data-element_type=\"widget\" data-widget_type=\"heading.default\">\n\t\t\t\t<div class=\"elementor-widget-container\">\n\t\t\t\t\t<h2 class=\"elementor-heading-title elementor-size-default\">Publications  :<\/h2>\t\t\t\t<\/div>\n\t\t\t\t<\/div>\n\t\t\t\t<div class=\"elementor-element elementor-element-47acb40 elementor-widget elementor-widget-spacer\" data-id=\"47acb40\" data-element_type=\"widget\" data-widget_type=\"spacer.default\">\n\t\t\t\t<div class=\"elementor-widget-container\">\n\t\t\t\t\t\t\t<div class=\"elementor-spacer\">\n\t\t\t<div class=\"elementor-spacer-inner\"><\/div>\n\t\t<\/div>\n\t\t\t\t\t\t<\/div>\n\t\t\t\t<\/div>\n\t\t\t\t<div class=\"elementor-element elementor-element-8cf2a74 elementor-grid-2 elementor-grid-tablet-2 elementor-grid-mobile-1 elementor-widget elementor-widget-portfolio\" data-id=\"8cf2a74\" data-element_type=\"widget\" data-settings=\"{&quot;item_ratio&quot;:{&quot;unit&quot;:&quot;px&quot;,&quot;size&quot;:0.96,&quot;sizes&quot;:[]},&quot;row_gap&quot;:{&quot;unit&quot;:&quot;px&quot;,&quot;size&quot;:14,&quot;sizes&quot;:[]},&quot;columns&quot;:&quot;2&quot;,&quot;columns_tablet&quot;:&quot;2&quot;,&quot;columns_mobile&quot;:&quot;1&quot;,&quot;item_gap&quot;:{&quot;unit&quot;:&quot;px&quot;,&quot;size&quot;:&quot;&quot;,&quot;sizes&quot;:[]}}\" data-widget_type=\"portfolio.default\">\n\t\t\t\t<div class=\"elementor-widget-container\">\n\t\t\t\t\t\t\t<div class=\"elementor-portfolio elementor-grid elementor-posts-container\">\n\t\t\t\t<article class=\"elementor-portfolio-item elementor-post  post-5335 post type-post status-publish format-standard has-post-thumbnail hentry category-publications\">\n\t\t\t<a class=\"elementor-post__thumbnail__link\" href=\"https:\/\/www.projet-cecc.org\/?p=5335\">\n\t\t\t\t<div class=\"elementor-portfolio-item__img elementor-post__thumbnail\">\n\t\t\t<img decoding=\"async\" width=\"696\" height=\"428\" src=\"https:\/\/www.projet-cecc.org\/wp-content\/uploads\/MBENGUE-ARTICLE-768x472.jpg\" class=\"attachment-medium_large size-medium_large wp-image-5336\" alt=\"\" srcset=\"https:\/\/www.projet-cecc.org\/wp-content\/uploads\/MBENGUE-ARTICLE-768x472.jpg 768w, https:\/\/www.projet-cecc.org\/wp-content\/uploads\/MBENGUE-ARTICLE-300x184.jpg 300w, https:\/\/www.projet-cecc.org\/wp-content\/uploads\/MBENGUE-ARTICLE-24x15.jpg 24w, https:\/\/www.projet-cecc.org\/wp-content\/uploads\/MBENGUE-ARTICLE-36x22.jpg 36w, https:\/\/www.projet-cecc.org\/wp-content\/uploads\/MBENGUE-ARTICLE-48x29.jpg 48w, https:\/\/www.projet-cecc.org\/wp-content\/uploads\/MBENGUE-ARTICLE.jpg 851w\" sizes=\"(max-width: 696px) 100vw, 696px\" \/>\t\t<\/div>\n\t\t\t\t<div class=\"elementor-portfolio-item__overlay\">\n\t\t\t\t<h5 class=\"elementor-portfolio-item__title\">\n\t\tReliability Assessment of 15 Gridded Rainfall Datasets for the Construction of a Daily High-Resolution Reanalysis across Senegal for Agroclimatic Applications\t\t<\/h5>\n\t\t\t\t<\/div>\n\t\t\t\t<\/a>\n\t\t<\/article>\n\t\t\t\t<article class=\"elementor-portfolio-item elementor-post  post-5040 post type-post status-publish format-standard has-post-thumbnail hentry category-publications\">\n\t\t\t<a class=\"elementor-post__thumbnail__link\" href=\"https:\/\/www.projet-cecc.org\/?p=5040\">\n\t\t\t\t<div class=\"elementor-portfolio-item__img elementor-post__thumbnail\">\n\t\t\t<img decoding=\"async\" width=\"696\" height=\"579\" src=\"https:\/\/www.projet-cecc.org\/wp-content\/uploads\/Reliability.jpg\" class=\"attachment-medium_large size-medium_large wp-image-5044\" alt=\"\" srcset=\"https:\/\/www.projet-cecc.org\/wp-content\/uploads\/Reliability.jpg 769w, https:\/\/www.projet-cecc.org\/wp-content\/uploads\/Reliability-300x250.jpg 300w, https:\/\/www.projet-cecc.org\/wp-content\/uploads\/Reliability-24x20.jpg 24w, https:\/\/www.projet-cecc.org\/wp-content\/uploads\/Reliability-36x30.jpg 36w, https:\/\/www.projet-cecc.org\/wp-content\/uploads\/Reliability-48x40.jpg 48w\" sizes=\"(max-width: 696px) 100vw, 696px\" \/>\t\t<\/div>\n\t\t\t\t<div class=\"elementor-portfolio-item__overlay\">\n\t\t\t\t<h5 class=\"elementor-portfolio-item__title\">\n\t\tReliability assessment of 17 gridded rainfall dataset for theconstruction of a daily high-resolution reanalysis (4km) across Senegal for agroclimatic applications\t\t<\/h5>\n\t\t\t\t<\/div>\n\t\t\t\t<\/a>\n\t\t<\/article>\n\t\t\t\t<article class=\"elementor-portfolio-item elementor-post  post-4654 post type-post status-publish format-standard has-post-thumbnail hentry category-publications\">\n\t\t\t<a class=\"elementor-post__thumbnail__link\" href=\"https:\/\/www.projet-cecc.org\/?p=4654\">\n\t\t\t\t<div class=\"elementor-portfolio-item__img elementor-post__thumbnail\">\n\t\t\t<img loading=\"lazy\" decoding=\"async\" width=\"696\" height=\"558\" src=\"https:\/\/www.projet-cecc.org\/wp-content\/uploads\/Capture-decran-2024-08-14-161507-768x616.jpg\" class=\"attachment-medium_large size-medium_large wp-image-4655\" alt=\"\" srcset=\"https:\/\/www.projet-cecc.org\/wp-content\/uploads\/Capture-decran-2024-08-14-161507-768x616.jpg 768w, https:\/\/www.projet-cecc.org\/wp-content\/uploads\/Capture-decran-2024-08-14-161507-300x241.jpg 300w, https:\/\/www.projet-cecc.org\/wp-content\/uploads\/Capture-decran-2024-08-14-161507-1024x822.jpg 1024w, https:\/\/www.projet-cecc.org\/wp-content\/uploads\/Capture-decran-2024-08-14-161507-24x19.jpg 24w, https:\/\/www.projet-cecc.org\/wp-content\/uploads\/Capture-decran-2024-08-14-161507-36x29.jpg 36w, https:\/\/www.projet-cecc.org\/wp-content\/uploads\/Capture-decran-2024-08-14-161507-48x39.jpg 48w, https:\/\/www.projet-cecc.org\/wp-content\/uploads\/Capture-decran-2024-08-14-161507.jpg 1073w\" sizes=\"(max-width: 696px) 100vw, 696px\" \/>\t\t<\/div>\n\t\t\t\t<div class=\"elementor-portfolio-item__overlay\">\n\t\t\t\t<h5 class=\"elementor-portfolio-item__title\">\n\t\t[Article de Presse] \u00ab\u00a0Le paradoxe des donn\u00e9es climatiques en Afrique de l\u2019Ouest : plus que jamais urgentes mais de moins en moins accessibles\u00a0\u00bb dans The Conversation\t\t<\/h5>\n\t\t\t\t<\/div>\n\t\t\t\t<\/a>\n\t\t<\/article>\n\t\t\t\t<article class=\"elementor-portfolio-item elementor-post  post-4289 post type-post status-publish format-standard has-post-thumbnail hentry category-publications\">\n\t\t\t<a class=\"elementor-post__thumbnail__link\" href=\"https:\/\/www.projet-cecc.org\/?p=4289\">\n\t\t\t\t<div class=\"elementor-portfolio-item__img elementor-post__thumbnail\">\n\t\t\t<img loading=\"lazy\" decoding=\"async\" width=\"696\" height=\"511\" src=\"https:\/\/www.projet-cecc.org\/wp-content\/uploads\/Publi-sultan-768x564.jpg\" class=\"attachment-medium_large size-medium_large wp-image-4268\" alt=\"\" srcset=\"https:\/\/www.projet-cecc.org\/wp-content\/uploads\/Publi-sultan-768x564.jpg 768w, https:\/\/www.projet-cecc.org\/wp-content\/uploads\/Publi-sultan-300x220.jpg 300w, https:\/\/www.projet-cecc.org\/wp-content\/uploads\/Publi-sultan-24x18.jpg 24w, https:\/\/www.projet-cecc.org\/wp-content\/uploads\/Publi-sultan-36x26.jpg 36w, https:\/\/www.projet-cecc.org\/wp-content\/uploads\/Publi-sultan-48x35.jpg 48w, https:\/\/www.projet-cecc.org\/wp-content\/uploads\/Publi-sultan.jpg 933w\" sizes=\"(max-width: 696px) 100vw, 696px\" \/>\t\t<\/div>\n\t\t\t\t<div class=\"elementor-portfolio-item__overlay\">\n\t\t\t\t<h5 class=\"elementor-portfolio-item__title\">\n\t\tLess negative impacts of climate change on crop yields in West Africa in the new CMIP6 climate simulations ensemble\t\t<\/h5>\n\t\t\t\t<\/div>\n\t\t\t\t<\/a>\n\t\t<\/article>\n\t\t\t\t<\/div>\n\t\t\t\t\t\t<\/div>\n\t\t\t\t<\/div>\n\t\t\t\t\t<\/div>\n\t\t<\/div>\n\t\t\t\t\t<\/div>\n\t\t<\/section>\n\t\t\t\t<\/div>\n\t\t","protected":false},"excerpt":{"rendered":"<p>D\u00e9sagr\u00e9gation et d\u00e9biaisage des sc\u00e9narios climatiques CMIP sur l\u2019Afrique de l\u2019Ouest et sur les Andes (pr\u00e9cipitations, temp\u00e9ratures). \u00a0 Objectif : mettre \u00e0 disposition des autres \u00e9quipes de chercheurs du projet,<\/p><\/div>\n<div class=\"blog-btn\"><a href=\"https:\/\/www.projet-cecc.org\/?p=4289\" class=\"home-blog-btn\">Lire la suite<\/a><\/p>\n","protected":false},"author":5,"featured_media":0,"parent":0,"menu_order":0,"comment_status":"closed","ping_status":"closed","template":"","meta":{"_monsterinsights_skip_tracking":false,"_monsterinsights_sitenote_active":false,"_monsterinsights_sitenote_note":"","_monsterinsights_sitenote_category":0,"_EventAllDay":false,"_EventTimezone":"","_EventStartDate":"","_EventEndDate":"","_EventStartDateUTC":"","_EventEndDateUTC":"","_EventShowMap":false,"_EventShowMapLink":false,"_EventURL":"","_EventCost":"","_EventCostDescription":"","_EventCurrencySymbol":"","_EventCurrencyPosition":"","_EventDateTimeSeparator":"","_EventTimeRangeSeparator":"","_EventOrganizerID":[],"_EventVenueID":0,"_OrganizerEmail":"","_OrganizerPhone":"","_OrganizerWebsite":"","_VenueAddress":"","_VenueCity":"","_VenueCountry":"","_VenueProvince":"","_VenueZip":"","_VenuePhone":"","_VenueURL":"","_VenueStateProvince":"","_VenueLat":"","_VenueLng":"","footnotes":""},"class_list":["post-3397","page","type-page","status-publish","hentry"],"_links":{"self":[{"href":"https:\/\/www.projet-cecc.org\/index.php?rest_route=\/wp\/v2\/pages\/3397","targetHints":{"allow":["GET"]}}],"collection":[{"href":"https:\/\/www.projet-cecc.org\/index.php?rest_route=\/wp\/v2\/pages"}],"about":[{"href":"https:\/\/www.projet-cecc.org\/index.php?rest_route=\/wp\/v2\/types\/page"}],"author":[{"embeddable":true,"href":"https:\/\/www.projet-cecc.org\/index.php?rest_route=\/wp\/v2\/users\/5"}],"replies":[{"embeddable":true,"href":"https:\/\/www.projet-cecc.org\/index.php?rest_route=%2Fwp%2Fv2%2Fcomments&post=3397"}],"version-history":[{"count":22,"href":"https:\/\/www.projet-cecc.org\/index.php?rest_route=\/wp\/v2\/pages\/3397\/revisions"}],"predecessor-version":[{"id":5350,"href":"https:\/\/www.projet-cecc.org\/index.php?rest_route=\/wp\/v2\/pages\/3397\/revisions\/5350"}],"wp:attachment":[{"href":"https:\/\/www.projet-cecc.org\/index.php?rest_route=%2Fwp%2Fv2%2Fmedia&parent=3397"}],"curies":[{"name":"wp","href":"https:\/\/api.w.org\/{rel}","templated":true}]}}